{"id":349,"date":"2020-03-18T18:44:34","date_gmt":"2020-03-18T18:44:34","guid":{"rendered":"http:\/\/testumgebung.financenow.de\/?page_id=349"},"modified":"2021-04-19T15:46:03","modified_gmt":"2021-04-19T15:46:03","slug":"datenschutzerklaerung","status":"publish","type":"page","link":"https:\/\/financenow.de\/en\/datenschutzerklaerung\/","title":{"rendered":"Privacy Policy"},"content":{"rendered":"<div data-elementor-type=\"wp-page\" data-elementor-id=\"349\" class=\"elementor elementor-349\">\n\t\t\t\t\t\t<div class=\"elementor-inner\">\n\t\t\t\t<div class=\"elementor-section-wrap\">\n\t\t\t\t\t\t\t\t\t<section class=\"elementor-section elementor-top-section elementor-element elementor-element-18a9ad4e elementor-section-boxed elementor-section-height-default elementor-section-height-default\" data-id=\"18a9ad4e\" data-element_type=\"section\">\n\t\t\t\t\t\t<div class=\"elementor-container elementor-column-gap-default\">\n\t\t\t\t\t\t\t<div class=\"elementor-row\">\n\t\t\t\t\t<div class=\"elementor-column elementor-col-100 elementor-top-column elementor-element elementor-element-7e05d354\" data-id=\"7e05d354\" data-element_type=\"column\">\n\t\t\t<div class=\"elementor-column-wrap elementor-element-populated\">\n\t\t\t\t\t\t\t<div class=\"elementor-widget-wrap\">\n\t\t\t\t\t\t<div class=\"elementor-element elementor-element-27154eb elementor-widget elementor-widget-heading\" data-id=\"27154eb\" data-element_type=\"widget\" data-widget_type=\"heading.default\">\n\t\t\t\t<div class=\"elementor-widget-container\">\n\t\t\t<h1 class=\"elementor-heading-title elementor-size-default\">Privacy Policy<\/h1>\t\t<\/div>\n\t\t\t\t<\/div>\n\t\t\t\t<div class=\"elementor-element elementor-element-6fe4ec8 elementor-widget elementor-widget-text-editor\" data-id=\"6fe4ec8\" data-element_type=\"widget\" data-widget_type=\"text-editor.default\">\n\t\t\t\t<div class=\"elementor-widget-container\">\n\t\t\t\t\t\t\t\t<div class=\"elementor-text-editor elementor-clearfix\">\n\t\t\t\t<p>Privacy Policy <\/p>\t\t\t\t\t<\/div>\n\t\t\t\t\t\t<\/div>\n\t\t\t\t<\/div>\n\t\t\t\t<div class=\"elementor-element elementor-element-c827edb elementor-widget elementor-widget-text-editor\" data-id=\"c827edb\" data-element_type=\"widget\" data-widget_type=\"text-editor.default\">\n\t\t\t\t<div class=\"elementor-widget-container\">\n\t\t\t\t\t\t\t\t<div class=\"elementor-text-editor elementor-clearfix\">\n\t\t\t\t<p>financenow<br \/>Independent Brokerage Of Real Estate Financing<\/p><p>Represented by:<\/p><p>Carolin Wiemers<br \/>Kaiserswerther Stra\u00dfe 215<br \/>40477 Duesseldorf, Germany<\/p><p>Agent number: D-W-137-E2KV-51<\/p><p><strong>Contact:<\/strong><\/p><p><b><img loading=\"lazy\" class=\"wp-image-754 alignleft\" src=\"https:\/\/testumgebung.financenow.de\/wp-content\/uploads\/2020\/03\/Iconset_finance_now_Telefon-orange-Verlauf-39-1.svg\" alt=\"Telefonsymbol in orange mit Verlauf\" width=\"26\" height=\"23\" \/> <\/b>Telephone: +49 176 329 44 838<\/p><p><a style=\"color: #fe9800;\" href=\"mailto: info@financenow.de\" target=\"_blank\" rel=\"noopener\"><img loading=\"lazy\" class=\"wp-image-753 alignleft\" src=\"https:\/\/testumgebung.financenow.de\/wp-content\/uploads\/2020\/03\/Iconset_finance_now_Sprechblasen-orange-Verlauf-2.svg\" alt=\"Sprechblasen-, Kommunikationssymbol in orange mit Verlauf\" width=\"28\" height=\"24\" \/><\/a>Email: <a style=\"color: #fe9800;\" href=\"mailto: info@financenow.de\" target=\"_blank\" rel=\"noopener\">info@financenow.de<\/a><\/p><p><strong>Register entry:<\/strong><\/p><p>Entry in the Commercial Register<br \/>Register authority: Chamber of Industry and Commerce Mittlerer Niederrhein, Krefeld<\/p><p><strong>Licensing authority:<\/strong><\/p><p>Chamber of Industry and Commerce Mittlerer Niederrhein, M\u00f6nchengladbach<\/p><p><strong>Responsible for the content according to \u00a7 55 Abs. 2 RStV:<\/strong><\/p><p>financenow<br \/>Kaiserswerther Stra\u00dfe 215<br \/>40477 Duesseldorf, Germany<\/p><p><strong>Privacy Policy<\/strong><\/p><p>The operators of these pages take the protection of your personal data very seriously. We treat your personal data confidentially and in accordance with the legal data protection regulations as well as this data protection declaration.<\/p><p>The use of our website is generally possible without providing personal data. Insofar as personal data (for example, name, address or e-mail addresses) are collected on our pages, this is always done, as far as possible, on a voluntary basis. This data will not be passed on to third parties without your express consent.<\/p><p>We point out that data transmission over the Internet (eg communication by e-mail) security gaps. Complete protection of data against access by third parties is not possible.<\/p><p><b>Hosting und Content Delivery Networks (CDN)<\/b><\/p><p>This website is hosted by an external service provider (hoster). The personal data collected on this website is stored on the hoster's servers. This may include, but is not limited to, IP addresses, contact requests, meta and communication data, contractual data, contact data, names, website accesses and other data generated via a website. The hoster is used for the purpose of fulfilling contracts with our potential and existing customers (Art. 6 para. 1 lit. b DSGVO) and in the interest of a secure, fast and efficient provision of our online offer by a professional provider (Art. 6 para. 1 lit. f DSGVO). Our hoster will only process your data to the extent necessary to fulfill its service obligations and follow our instructions regarding this data. Conclusion of a contract on order processing In order to ensure data protection-compliant processing, we have concluded a contract on order processing with our hoster.<\/p><p><b>Cookies<\/b><\/p><p>Our Internet pages use so-called \"cookies\". Cookies are small text files and do not cause any damage to your terminal device. They are stored either temporarily for the duration of a session (session cookies) or permanently (permanent cookies) on your end device. Session cookies are automatically deleted at the end of your visit. Permanent cookies remain stored on your end device until you delete them yourself or until they are automatically deleted by your web browser.<\/p><p>In some cases, cookies from third-party companies may also be stored on your terminal device when you enter our site (third-party cookies). These enable us or you to use certain services of the third-party company (e.g. cookies for processing payment services). Cookies have various functions. Many cookies are technically necessary, as certain website functions would not work without them (e.g. the display of videos). Other cookies are used to evaluate user behavior or display advertising. Cookies that are necessary to carry out the electronic communication process (necessary cookies) or to provide certain functions that you have requested (functional cookies, e.g. for a shopping cart function) or to optimize the website (e.g. cookies to measure the web audience) are stored on the basis of Art. 6 (1) lit. f DSGVO, unless another legal basis is specified. The website operator has a legitimate interest in storing cookies for the technically error-free and optimized provision of its services. If consent to the storage of cookies has been requested, the storage of the cookies in question is based exclusively on this consent (Art. 6 para. 1 lit. a DSGVO); consent can be revoked at any time.<\/p><p>You can set your browser so that you are informed about the setting of cookies and only allow cookies in individual cases, exclude the acceptance of cookies for certain cases or in general and activate the automatic deletion of cookies when closing the browser. If cookies are deactivated, the functionality of this website may be limited. Insofar as cookies are used by third-party companies or for analysis purposes, we will inform you separately about this within the framework of this data protection declaration and, if necessary, request your consent.<\/p><p><b>Contact form<\/b><\/p><p>If you send us inquiries via the contact form, the information you provide in the inquiry form, including the contact data you provide there, will be stored by us for the purpose of processing the inquiry and in case of follow-up questions. We do not pass on this data without your consent.<\/p><p>The processing of this data is based on Art. 6 (1) lit. b DSGVO, if your request is related to the performance of a contract or is necessary for the implementation of pre-contractual measures. In all other cases, the processing is based on our legitimate interest in the effective processing of the requests addressed to us (Art. 6 (1) (f) DSGVO) or on your consent (Art. 6 (1) (a) DSGVO) if this has been requested. The data you enter in the contact form will remain with us until you request us to delete it, revoke your consent to store it, or the purpose for storing the data no longer applies (e.g. after we have completed processing your request). Mandatory legal provisions - in particular retention periods - remain unaffected.<\/p><p><b>Inquiry by e-mail, telephone or fax<\/b><\/p><p>If you contact us by email, telephone or fax, your inquiry including all resulting personal data (name, inquiry) will be stored and processed by us for the purpose of processing your request. We do not pass on this data without your consent. The processing of this data is based on Art. 6 (1) lit. b DSGVO, if your request is related to the performance of a contract or is necessary for the implementation of pre-contractual measures. In all other cases, the processing is based on our legitimate interest in the effective processing of the requests sent to us (Art. 6 (1) (f) DSGVO) or on your consent (Art. 6 (1) (a) DSGVO) if this has been requested.<\/p><p>The data you send to us via contact requests will remain with us until you request us to delete it, revoke your consent to store it, or the purpose for storing the data no longer applies (e.g. after your request has been processed). Mandatory legal provisions - in particular legal retention periods - remain unaffected.<\/p><p><b>Google Maps<\/b><\/p><p>This site uses the map service Google Maps via an API. The provider is Google Ireland Limited (\"Google\"), Gordon House, Barrow Street, Dublin 4, Ireland.<\/p><p>To use the functions of Google Maps, it is necessary to store your IP address. This information is usually transferred to a Google server in the USA and stored there. The provider of this site has no influence on this data transmission. The use of Google Maps is in the interest of an appealing presentation of our online offers and an easy location of the places indicated by us on the website. This represents a legitimate interest within the meaning of Art. 6 para. 1 lit. f DSGVO. Insofar as a corresponding consent has been requested, the processing is carried out exclusively on the basis of Art. 6 para. 1 lit. a DSGVO; the consent can be revoked at any time.<\/p><p>More information on the handling of user data can be found in Google's privacy policy: https:\/\/policies.google.com\/privacy?hl=de.<\/p><p><strong>Browser Plugin<\/strong><\/p><p>You may refuse the use of cookies by selecting the appropriate settings on your browser, however please note that if you do this you may not be able to use the full functionality of this website. You can also prevent the collection of data generated by the cookie and related to your use of the website (including your IP address) to Google, as well as the processing of this data by Google, by downloading and installing the browser plugin available at the following link: <a href=\"https:\/\/tools.google.com\/dlpage\/gaoptout?hl=de\"> https:\/\/tools.google.com\/dlpage\/gaoptout?hl=de<\/a><\/p><p><strong>SSL encryption<\/strong><\/p><p>This site uses SSL encryption for security reasons and to protect the transmission of confidential content, such as requests that you send to us as the site operator. You can recognize an encrypted connection by the fact that the address line of the browser changes from \"http:\/\/\" to \"https:\/\/\" and by the lock symbol in your browser line. If SSL encryption is activated, the data you transmit to us cannot be read by third parties.<\/p><p><strong>Right to information, deletion, blocking<\/strong><\/p><p>You have the right at any time to free information about your stored personal data, their origin and recipient and the purpose of data processing, as well as the right to correct, block or delete this data. For this purpose, as well as for further questions on the subject of personal data, you can contact us at any time at the address given in the imprint.<\/p><p><strong>Objection to advertising e-mails<\/strong><\/p><p>We hereby object to the use of contact data published within the framework of the imprint obligation to send advertising and information material that has not been expressly requested. The operators of the pages expressly reserve the right to take legal action in the event of the unsolicited sending of advertising information, for example by e-mail.<\/p><p>Source privacy policy: <a style=\"color: #00000;\" href=\"https:\/\/www.e-recht24.de\/\" target=\"_blank\" rel=\"noopener\">e-recht24.de <\/a><\/p>\t\t\t\t\t<\/div>\n\t\t\t\t\t\t<\/div>\n\t\t\t\t<\/div>\n\t\t\t\t<div class=\"elementor-element elementor-element-41d6572 elementor-widget elementor-widget-text-editor\" data-id=\"41d6572\" data-element_type=\"widget\" data-widget_type=\"text-editor.default\">\n\t\t\t\t<div class=\"elementor-widget-container\">\n\t\t\t\t\t\t\t\t<div class=\"elementor-text-editor elementor-clearfix\">\n\t\t\t\t\t\t\t\t\t<\/div>\n\t\t\t\t\t\t<\/div>\n\t\t\t\t<\/div>\n\t\t\t\t<div class=\"elementor-element elementor-element-11e0604 elementor-widget elementor-widget-text-editor\" data-id=\"11e0604\" data-element_type=\"widget\" data-widget_type=\"text-editor.default\">\n\t\t\t\t<div class=\"elementor-widget-container\">\n\t\t\t\t\t\t\t\t<div class=\"elementor-text-editor elementor-clearfix\">\n\t\t\t\t\t\t\t\t\t<\/div>\n\t\t\t\t\t\t<\/div>\n\t\t\t\t<\/div>\n\t\t\t\t\t\t<\/div>\n\t\t\t\t\t<\/div>\n\t\t<\/div>\n\t\t\t\t\t\t\t\t<\/div>\n\t\t\t\t\t<\/div>\n\t\t<\/section>\n\t\t\t\t<footer class=\"elementor-section elementor-top-section elementor-element elementor-element-317a752a elementor-section-height-min-height elementor-section-stretched elementor-section-full_width elementor-section-height-default elementor-section-items-middle\" data-id=\"317a752a\" data-element_type=\"section\" data-settings=\"{&quot;background_background&quot;:&quot;classic&quot;,&quot;stretch_section&quot;:&quot;section-stretched&quot;}\">\n\t\t\t\t\t\t<div class=\"elementor-container elementor-column-gap-default\">\n\t\t\t\t\t\t\t<div class=\"elementor-row\">\n\t\t\t\t\t<div class=\"elementor-column elementor-col-33 elementor-top-column elementor-element elementor-element-501e0d8c\" data-id=\"501e0d8c\" data-element_type=\"column\">\n\t\t\t<div class=\"elementor-column-wrap elementor-element-populated\">\n\t\t\t\t\t\t\t<div class=\"elementor-widget-wrap\">\n\t\t\t\t\t\t<div class=\"elementor-element elementor-element-5999231b elementor-mobile-align-center elementor-widget elementor-widget-button\" data-id=\"5999231b\" data-element_type=\"widget\" data-widget_type=\"button.default\">\n\t\t\t\t<div class=\"elementor-widget-container\">\n\t\t\t\t\t<div class=\"elementor-button-wrapper\">\n\t\t\t<a href=\"http:\/\/testumgebung.financenow.de\/impressum\" class=\"elementor-button-link elementor-button elementor-size-sm\" role=\"button\">\n\t\t\t\t\t\t<span class=\"elementor-button-content-wrapper\">\n\t\t\t\t\t\t<span class=\"elementor-button-text\">Legal Notice<\/span>\n\t\t<\/span>\n\t\t\t\t\t<\/a>\n\t\t<\/div>\n\t\t\t\t<\/div>\n\t\t\t\t<\/div>\n\t\t\t\t\t\t<\/div>\n\t\t\t\t\t<\/div>\n\t\t<\/div>\n\t\t\t\t<div class=\"elementor-column elementor-col-33 elementor-top-column elementor-element elementor-element-19c543db\" data-id=\"19c543db\" data-element_type=\"column\">\n\t\t\t<div class=\"elementor-column-wrap\">\n\t\t\t\t\t\t\t<div class=\"elementor-widget-wrap\">\n\t\t\t\t\t\t\t\t<\/div>\n\t\t\t\t\t<\/div>\n\t\t<\/div>\n\t\t\t\t<div class=\"elementor-column elementor-col-33 elementor-top-column elementor-element elementor-element-621f531c\" data-id=\"621f531c\" data-element_type=\"column\">\n\t\t\t<div class=\"elementor-column-wrap elementor-element-populated\">\n\t\t\t\t\t\t\t<div class=\"elementor-widget-wrap\">\n\t\t\t\t\t\t<div class=\"elementor-element elementor-element-15b0c468 elementor-widget elementor-widget-heading\" data-id=\"15b0c468\" data-element_type=\"widget\" data-widget_type=\"heading.default\">\n\t\t\t\t<div class=\"elementor-widget-container\">\n\t\t\t<h4 class=\"elementor-heading-title elementor-size-default\"><p><span class=\"st\">\u00a9<\/span> 2021 financenow - Carolin Wiemers<\/p><\/h4>\t\t<\/div>\n\t\t\t\t<\/div>\n\t\t\t\t\t\t<\/div>\n\t\t\t\t\t<\/div>\n\t\t<\/div>\n\t\t\t\t\t\t\t\t<\/div>\n\t\t\t\t\t<\/div>\n\t\t<\/footer>\n\t\t\t\t\t\t\t\t\t<\/div>\n\t\t\t<\/div>\n\t\t\t\t\t<\/div>","protected":false},"excerpt":{"rendered":"<p>Datenschutzerkl\u00e4rung Datenschutzerkl\u00e4rung financenow unabh\u00e4ngige Vermittlung von Immobilienfinanzierungen Vertreten durch: Carolin Wiemers Kaiserswerther Stra\u00dfe 215 40477 D\u00fcsseldorf Vermittlernummer: D-W-137-E2KV-51 Kontakt: Telefon: +49 176 329 44 838 E-Mail: info@financenow.de Registereintrag: Eintragung im Handelsregister Registerbeh\u00f6rde: IHK Mittlerer Niederrhein, Krefeld Erlaubnisbeh\u00f6rde: IHK Mittlerer Niederrhein, M\u00f6nchengladbach Verantwortlich f\u00fcr den Inhalt nach \u00a7 55 Abs. 2 RStV: financenow Kaiserswerther Stra\u00dfe 215 [&hellip;]<\/p>","protected":false},"author":1,"featured_media":0,"parent":0,"menu_order":0,"comment_status":"closed","ping_status":"closed","template":"","meta":[],"aioseo_notices":[],"_links":{"self":[{"href":"https:\/\/financenow.de\/en\/wp-json\/wp\/v2\/pages\/349"}],"collection":[{"href":"https:\/\/financenow.de\/en\/wp-json\/wp\/v2\/pages"}],"about":[{"href":"https:\/\/financenow.de\/en\/wp-json\/wp\/v2\/types\/page"}],"author":[{"embeddable":true,"href":"https:\/\/financenow.de\/en\/wp-json\/wp\/v2\/users\/1"}],"replies":[{"embeddable":true,"href":"https:\/\/financenow.de\/en\/wp-json\/wp\/v2\/comments?post=349"}],"version-history":[{"count":122,"href":"https:\/\/financenow.de\/en\/wp-json\/wp\/v2\/pages\/349\/revisions"}],"predecessor-version":[{"id":1312,"href":"https:\/\/financenow.de\/en\/wp-json\/wp\/v2\/pages\/349\/revisions\/1312"}],"wp:attachment":[{"href":"https:\/\/financenow.de\/en\/wp-json\/wp\/v2\/media?parent=349"}],"curies":[{"name":"wp","href":"https:\/\/api.w.org\/{rel}","templated":true}]}}