{"id":347,"date":"2020-03-18T18:43:55","date_gmt":"2020-03-18T18:43:55","guid":{"rendered":"http:\/\/testumgebung.financenow.de\/?page_id=347"},"modified":"2022-01-22T18:15:25","modified_gmt":"2022-01-22T18:15:25","slug":"impressum","status":"publish","type":"page","link":"https:\/\/financenow.de\/en\/impressum\/","title":{"rendered":"Legal Notice"},"content":{"rendered":"<div data-elementor-type=\"wp-page\" data-elementor-id=\"347\" class=\"elementor elementor-347\">\n\t\t\t\t\t\t<div class=\"elementor-inner\">\n\t\t\t\t<div class=\"elementor-section-wrap\">\n\t\t\t\t\t\t\t\t\t<section class=\"elementor-section elementor-top-section elementor-element elementor-element-286b434 elementor-section-boxed elementor-section-height-default elementor-section-height-default\" data-id=\"286b434\" data-element_type=\"section\">\n\t\t\t\t\t\t<div class=\"elementor-container elementor-column-gap-default\">\n\t\t\t\t\t\t\t<div class=\"elementor-row\">\n\t\t\t\t\t<div class=\"elementor-column elementor-col-100 elementor-top-column elementor-element elementor-element-092e1bb\" data-id=\"092e1bb\" data-element_type=\"column\">\n\t\t\t<div class=\"elementor-column-wrap elementor-element-populated\">\n\t\t\t\t\t\t\t<div class=\"elementor-widget-wrap\">\n\t\t\t\t\t\t<section class=\"elementor-section elementor-inner-section elementor-element elementor-element-7a2afea elementor-section-boxed elementor-section-height-default elementor-section-height-default\" data-id=\"7a2afea\" data-element_type=\"section\">\n\t\t\t\t\t\t<div class=\"elementor-container elementor-column-gap-default\">\n\t\t\t\t\t\t\t<div class=\"elementor-row\">\n\t\t\t\t\t<div class=\"elementor-column elementor-col-100 elementor-inner-column elementor-element elementor-element-d7e8fcf\" data-id=\"d7e8fcf\" data-element_type=\"column\">\n\t\t\t<div class=\"elementor-column-wrap elementor-element-populated\">\n\t\t\t\t\t\t\t<div class=\"elementor-widget-wrap\">\n\t\t\t\t\t\t<div class=\"elementor-element elementor-element-c9ea42e elementor-widget elementor-widget-text-editor\" data-id=\"c9ea42e\" data-element_type=\"widget\" data-widget_type=\"text-editor.default\">\n\t\t\t\t<div class=\"elementor-widget-container\">\n\t\t\t\t\t\t\t\t<div class=\"elementor-text-editor elementor-clearfix\">\n\t\t\t\t<div><div><h1>Legal Notice<\/h1><p><strong>Imprint information according to \u00a7 5 TMG:<\/strong><\/p><p>financenow<br \/>Independent Brokerage Of Real Estate Financing<\/p><p>Represented by:<\/p><p>Carolin Wiemers<br \/>Kaiserswerther Stra\u00dfe 215<br \/>40477 Duesseldorf, Germany<br \/><br \/>and:<br \/>M\u00fchlenstra\u00dfe 23<br \/>41460 Neuss, Germany<\/p><\/div><div><p>Agent number: D-W-137-E2KV-51<\/p><p><strong>Contact:<\/strong><\/p><p><b><img loading=\"lazy\" class=\"wp-image-754 alignleft\" src=\"https:\/\/testumgebung.financenow.de\/wp-content\/uploads\/2020\/03\/Iconset_finance_now_Telefon-orange-Verlauf-39-1.svg\" alt=\"Telefonsymbol in orange mit Verlauf\" width=\"26\" height=\"23\" \/> <\/b>Telephone: +49 176 329 44 838<\/p><p><a style=\"color: #fe9800;\" href=\"mailto: info@financenow.de\" target=\"_blank\" rel=\"noopener\"><img loading=\"lazy\" class=\"wp-image-753 alignleft\" src=\"https:\/\/testumgebung.financenow.de\/wp-content\/uploads\/2020\/03\/Iconset_finance_now_Sprechblasen-orange-Verlauf-2.svg\" alt=\"Sprechblasen-, Kommunikationssymbol in orange mit Verlauf\" width=\"28\" height=\"24\" \/><\/a>Email: <a style=\"color: #fe9800;\" href=\"mailto: info@financenow.de\" target=\"_blank\" rel=\"noopener\">info@financenow.de<\/a><\/p><p><strong>Register entry:<\/strong><\/p><p>Entry in the Commercial Register<br \/>Register authority: Chamber of Industry and Commerce Mittlerer Niederrhein, Krefeld<\/p><p><strong>Licensing authority:<\/strong><\/p><p>Chamber of Industry and Commerce Mittlerer Niederrhein, M\u00f6nchengladbach<\/p><p><strong>Responsible for the content according to \u00a7 55 Abs. 2 RStV:<\/strong><\/p><p>financenow<br \/>Kaiserswerther Stra\u00dfe 215<br \/>40477 Duesseldorf, Germany<\/p><p>We are not willing or obliged to participate in dispute resolution proceedings before a consumer arbitration board.<\/p><p><strong>Liability for contents<\/strong><\/p><p>As a service provider, we are responsible for our own content on these pages in accordance with \u00a7 7 para. 1 TMG under the general laws. According to \u00a7\u00a7 8 to 10 TMG, we are not obligated to monitor transmitted or stored information or to investigate circumstances that indicate illegal activity.<\/p><p>Obligations to remove or block the use of information under the general laws remain unaffected. However, liability in this regard is only possible from the point in time at which a concrete infringement of the law becomes known. If we become aware of any such infringements, we will remove the relevant content immediately.<\/p><p><strong> Liability for links<\/strong><\/p><p>Our offer contains links to external websites of third parties, on whose contents we have no influence. Therefore, we cannot assume any liability for these external contents. The respective provider or operator of the pages is always responsible for the content of the linked pages. The linked pages were checked for possible legal violations at the time of linking. Illegal contents were not recognizable at the time of linking.<\/p><p>However, a permanent control of the contents of the linked pages is not reasonable without concrete evidence of a violation of the law. If we become aware of any infringements, we will remove such links immediately.<\/p><p><strong> Copyright<\/strong><\/p><p>The contents and works created by the site operators on these pages are subject to German copyright law. Duplication, processing, distribution, or any form of commercialization of such material beyond the scope of the copyright law shall require the prior written consent of its respective author or creator. Downloads and copies of this site are only permitted for private, non-commercial use.<\/p><p>Insofar as the content on this site was not created by the operator, the copyrights of third parties are respected. In particular, third-party content is identified as such. Should you nevertheless become aware of a copyright infringement, please inform us accordingly. If we become aware of any infringements, we will remove such content immediately.<\/p><p>Source imprint: <a style=\"color: #00000;\" href=\"https:\/\/www.e-recht24.de\/\" target=\"_blank\" rel=\"noopener\">e-recht24.de <\/a><\/p><\/div><\/div>\t\t\t\t\t<\/div>\n\t\t\t\t\t\t<\/div>\n\t\t\t\t<\/div>\n\t\t\t\t\t\t<\/div>\n\t\t\t\t\t<\/div>\n\t\t<\/div>\n\t\t\t\t\t\t\t\t<\/div>\n\t\t\t\t\t<\/div>\n\t\t<\/section>\n\t\t\t\t\t\t<\/div>\n\t\t\t\t\t<\/div>\n\t\t<\/div>\n\t\t\t\t\t\t\t\t<\/div>\n\t\t\t\t\t<\/div>\n\t\t<\/section>\n\t\t\t\t<footer class=\"elementor-section elementor-top-section elementor-element elementor-element-13622307 elementor-section-height-min-height elementor-section-stretched elementor-section-full_width elementor-section-height-default elementor-section-items-middle\" data-id=\"13622307\" data-element_type=\"section\" data-settings=\"{&quot;background_background&quot;:&quot;classic&quot;,&quot;stretch_section&quot;:&quot;section-stretched&quot;}\">\n\t\t\t\t\t\t<div class=\"elementor-container elementor-column-gap-default\">\n\t\t\t\t\t\t\t<div class=\"elementor-row\">\n\t\t\t\t\t<div class=\"elementor-column elementor-col-33 elementor-top-column elementor-element elementor-element-50065aca\" data-id=\"50065aca\" data-element_type=\"column\">\n\t\t\t<div class=\"elementor-column-wrap elementor-element-populated\">\n\t\t\t\t\t\t\t<div class=\"elementor-widget-wrap\">\n\t\t\t\t\t\t<div class=\"elementor-element elementor-element-4d695d0c elementor-mobile-align-center elementor-widget elementor-widget-button\" data-id=\"4d695d0c\" data-element_type=\"widget\" data-widget_type=\"button.default\">\n\t\t\t\t<div class=\"elementor-widget-container\">\n\t\t\t\t\t<div class=\"elementor-button-wrapper\">\n\t\t\t<a href=\"http:\/\/testumgebung.financenow.de\/datenschutz\" class=\"elementor-button-link elementor-button elementor-size-sm\" role=\"button\">\n\t\t\t\t\t\t<span class=\"elementor-button-content-wrapper\">\n\t\t\t\t\t\t<span class=\"elementor-button-text\">Privacy policy<\/span>\n\t\t<\/span>\n\t\t\t\t\t<\/a>\n\t\t<\/div>\n\t\t\t\t<\/div>\n\t\t\t\t<\/div>\n\t\t\t\t\t\t<\/div>\n\t\t\t\t\t<\/div>\n\t\t<\/div>\n\t\t\t\t<div class=\"elementor-column elementor-col-33 elementor-top-column elementor-element elementor-element-6537d34\" data-id=\"6537d34\" data-element_type=\"column\">\n\t\t\t<div class=\"elementor-column-wrap\">\n\t\t\t\t\t\t\t<div class=\"elementor-widget-wrap\">\n\t\t\t\t\t\t\t\t<\/div>\n\t\t\t\t\t<\/div>\n\t\t<\/div>\n\t\t\t\t<div class=\"elementor-column elementor-col-33 elementor-top-column elementor-element elementor-element-59392e3d\" data-id=\"59392e3d\" data-element_type=\"column\">\n\t\t\t<div class=\"elementor-column-wrap elementor-element-populated\">\n\t\t\t\t\t\t\t<div class=\"elementor-widget-wrap\">\n\t\t\t\t\t\t<div class=\"elementor-element elementor-element-5c8a5237 elementor-widget elementor-widget-heading\" data-id=\"5c8a5237\" data-element_type=\"widget\" data-widget_type=\"heading.default\">\n\t\t\t\t<div class=\"elementor-widget-container\">\n\t\t\t<h4 class=\"elementor-heading-title elementor-size-default\"><p><span class=\"st\">\u00a9<\/span> 2021 financenow - Carolin Wiemers<\/p><\/h4>\t\t<\/div>\n\t\t\t\t<\/div>\n\t\t\t\t\t\t<\/div>\n\t\t\t\t\t<\/div>\n\t\t<\/div>\n\t\t\t\t\t\t\t\t<\/div>\n\t\t\t\t\t<\/div>\n\t\t<\/footer>\n\t\t\t\t\t\t\t\t\t<\/div>\n\t\t\t<\/div>\n\t\t\t\t\t<\/div>","protected":false},"excerpt":{"rendered":"<p>Impressum Impressum Angaben gem\u00e4\u00df \u00a7 5 TMG: financenowunabh\u00e4ngige Vermittlung von Immobilienfinanzierungen Vertreten durch: Carolin WiemersKaiserswerther Stra\u00dfe 21540477 D\u00fcsseldorf und:M\u00fchlenstra\u00dfe 2341460 Neuss Vermittlernummer: D-W-137-E2KV-51 Kontakt: Telefon: +49 176 329 44 838 E-Mail: info@financenow.de Registereintrag: Eintragung im HandelsregisterRegisterbeh\u00f6rde: IHK Mittlerer Niederrhein, Krefeld Erlaubnisbeh\u00f6rde: IHK Mittlerer Niederrhein, M\u00f6nchengladbach Verantwortlich f\u00fcr den Inhalt nach \u00a7 55 Abs. 2 RStV: [&hellip;]<\/p>","protected":false},"author":1,"featured_media":0,"parent":0,"menu_order":0,"comment_status":"closed","ping_status":"closed","template":"","meta":[],"aioseo_notices":[],"_links":{"self":[{"href":"https:\/\/financenow.de\/en\/wp-json\/wp\/v2\/pages\/347"}],"collection":[{"href":"https:\/\/financenow.de\/en\/wp-json\/wp\/v2\/pages"}],"about":[{"href":"https:\/\/financenow.de\/en\/wp-json\/wp\/v2\/types\/page"}],"author":[{"embeddable":true,"href":"https:\/\/financenow.de\/en\/wp-json\/wp\/v2\/users\/1"}],"replies":[{"embeddable":true,"href":"https:\/\/financenow.de\/en\/wp-json\/wp\/v2\/comments?post=347"}],"version-history":[{"count":105,"href":"https:\/\/financenow.de\/en\/wp-json\/wp\/v2\/pages\/347\/revisions"}],"predecessor-version":[{"id":1375,"href":"https:\/\/financenow.de\/en\/wp-json\/wp\/v2\/pages\/347\/revisions\/1375"}],"wp:attachment":[{"href":"https:\/\/financenow.de\/en\/wp-json\/wp\/v2\/media?parent=347"}],"curies":[{"name":"wp","href":"https:\/\/api.w.org\/{rel}","templated":true}]}}