{"id":347,"date":"2020-03-18T18:43:55","date_gmt":"2020-03-18T18:43:55","guid":{"rendered":"http:\/\/testumgebung.financenow.de\/?page_id=347"},"modified":"2022-01-22T18:15:25","modified_gmt":"2022-01-22T18:15:25","slug":"impressum","status":"publish","type":"page","link":"https:\/\/financenow.de\/de\/impressum\/","title":{"rendered":"Impressum"},"content":{"rendered":"\t\t<div data-elementor-type=\"wp-page\" data-elementor-id=\"347\" class=\"elementor elementor-347\">\n\t\t\t\t\t\t<div class=\"elementor-inner\">\n\t\t\t\t<div class=\"elementor-section-wrap\">\n\t\t\t\t\t\t\t\t\t<section class=\"elementor-section elementor-top-section elementor-element elementor-element-286b434 elementor-section-boxed elementor-section-height-default elementor-section-height-default\" data-id=\"286b434\" data-element_type=\"section\">\n\t\t\t\t\t\t<div class=\"elementor-container elementor-column-gap-default\">\n\t\t\t\t\t\t\t<div class=\"elementor-row\">\n\t\t\t\t\t<div class=\"elementor-column elementor-col-100 elementor-top-column elementor-element elementor-element-092e1bb\" data-id=\"092e1bb\" data-element_type=\"column\">\n\t\t\t<div class=\"elementor-column-wrap elementor-element-populated\">\n\t\t\t\t\t\t\t<div class=\"elementor-widget-wrap\">\n\t\t\t\t\t\t<section class=\"elementor-section elementor-inner-section elementor-element elementor-element-7a2afea elementor-section-boxed elementor-section-height-default elementor-section-height-default\" data-id=\"7a2afea\" data-element_type=\"section\">\n\t\t\t\t\t\t<div class=\"elementor-container elementor-column-gap-default\">\n\t\t\t\t\t\t\t<div class=\"elementor-row\">\n\t\t\t\t\t<div class=\"elementor-column elementor-col-100 elementor-inner-column elementor-element elementor-element-d7e8fcf\" data-id=\"d7e8fcf\" data-element_type=\"column\">\n\t\t\t<div class=\"elementor-column-wrap elementor-element-populated\">\n\t\t\t\t\t\t\t<div class=\"elementor-widget-wrap\">\n\t\t\t\t\t\t<div class=\"elementor-element elementor-element-c9ea42e elementor-widget elementor-widget-text-editor\" data-id=\"c9ea42e\" data-element_type=\"widget\" data-widget_type=\"text-editor.default\">\n\t\t\t\t<div class=\"elementor-widget-container\">\n\t\t\t\t\t\t\t\t<div class=\"elementor-text-editor elementor-clearfix\">\n\t\t\t\t<div><div><h1>Impressum<\/h1><p><strong>Impressum Angaben gem\u00e4\u00df \u00a7 5 TMG:<\/strong><\/p><p>financenow<br \/>unabh\u00e4ngige Vermittlung von Immobilienfinanzierungen<\/p><p>Vertreten durch:<\/p><p>Carolin Wiemers<br \/>Kaiserswerther Stra\u00dfe 215<br \/>40477 D\u00fcsseldorf<br \/><br \/>und:<br \/>M\u00fchlenstra\u00dfe 23<br \/>41460 Neuss<\/p><\/div><div><p>Vermittlernummer: D-W-137-E2KV-51<\/p><p><strong>Kontakt:<\/strong><\/p><p><b><img loading=\"lazy\" class=\"wp-image-754 alignleft\" src=\"https:\/\/testumgebung.financenow.de\/wp-content\/uploads\/2020\/03\/Iconset_finance_now_Telefon-orange-Verlauf-39-1.svg\" alt=\"Telefonsymbol in orange mit Verlauf\" width=\"26\" height=\"23\" \/> <\/b>Telefon: +49 176 329 44 838<\/p><p><a style=\"color: #fe9800;\" href=\"mailto: info@financenow.de\" target=\"_blank\" rel=\"noopener\"><img loading=\"lazy\" class=\"wp-image-753 alignleft\" src=\"https:\/\/testumgebung.financenow.de\/wp-content\/uploads\/2020\/03\/Iconset_finance_now_Sprechblasen-orange-Verlauf-2.svg\" alt=\"Sprechblasen-, Kommunikationssymbol in orange mit Verlauf\" width=\"28\" height=\"24\" \/><\/a>E-Mail: <a style=\"color: #fe9800;\" href=\"mailto: info@financenow.de\" target=\"_blank\" rel=\"noopener\">info@financenow.de<\/a><\/p><p><strong>Registereintrag:<\/strong><\/p><p>Eintragung im Handelsregister<br \/>Registerbeh\u00f6rde: IHK Mittlerer Niederrhein, Krefeld<\/p><p><strong>Erlaubnisbeh\u00f6rde:<\/strong><\/p><p>IHK Mittlerer Niederrhein, M\u00f6nchengladbach<\/p><p><strong>Verantwortlich f\u00fcr den Inhalt nach \u00a7 55 Abs. 2 RStV:<\/strong><\/p><p>financenow<br \/>Kaiserswerther Stra\u00dfe 215<br \/>40477 D\u00fcsseldorf<\/p><p>Wir sind nicht bereit oder verpflichtet, an Streitbeilegungsverfahren vor einer Verbraucherschlichtungsstelle teilzunehmen.<\/p><p><strong>Haftung f\u00fcr Inhalte<\/strong><\/p><p>Als Diensteanbieter sind wir gem\u00e4\u00df \u00a7 7 Abs.1 TMG f\u00fcr eigene Inhalte auf diesen Seiten nach den allgemeinen Gesetzen verantwortlich. Nach \u00a7\u00a7 8 bis 10 TMG sind wir als Diensteanbieter jedoch nicht verpflichtet, \u00fcbermittelte oder gespeicherte fremde Informationen zu \u00fcberwachen oder nach Umst\u00e4nden zu forschen, die auf eine rechtswidrige T\u00e4tigkeit hinweisen.<\/p><p>Verpflichtungen zur Entfernung oder Sperrung der Nutzung von Informationen nach den allgemeinen Gesetzen bleiben hiervon unber\u00fchrt. Eine diesbez\u00fcgliche Haftung ist jedoch erst ab dem Zeitpunkt der Kenntnis einer konkreten Rechtsverletzung m\u00f6glich. Bei Bekanntwerden von entsprechenden Rechtsverletzungen werden wir diese Inhalte umgehend entfernen.<\/p><p><strong> Haftung f\u00fcr Links<\/strong><\/p><p>Unser Angebot enth\u00e4lt Links zu externen Webseiten Dritter, auf deren Inhalte wir keinen Einfluss haben. Deshalb k\u00f6nnen wir f\u00fcr diese fremden Inhalte auch keine Gew\u00e4hr \u00fcbernehmen. F\u00fcr die Inhalte der verlinkten Seiten ist stets der jeweilige Anbieter oder Betreiber der Seiten verantwortlich. Die verlinkten Seiten wurden zum Zeitpunkt der Verlinkung auf m\u00f6gliche Rechtsverst\u00f6\u00dfe \u00fcberpr\u00fcft. Rechtswidrige Inhalte waren zum Zeitpunkt der Verlinkung nicht erkennbar.<\/p><p>Eine permanente inhaltliche Kontrolle der verlinkten Seiten ist jedoch ohne konkrete Anhaltspunkte einer Rechtsverletzung nicht zumutbar. Bei Bekanntwerden von Rechtsverletzungen werden wir derartige Links umgehend entfernen.<\/p><p><strong> Urheberrecht<\/strong><\/p><p>Die durch die Seitenbetreiber erstellten Inhalte und Werke auf diesen Seiten unterliegen dem deutschen Urheberrecht. Die Vervielf\u00e4ltigung, Bearbeitung, Verbreitung und jede Art der Verwertung au\u00dferhalb der Grenzen des Urheberrechtes bed\u00fcrfen der schriftlichen Zustimmung des jeweiligen Autors bzw. Erstellers. Downloads und Kopien dieser Seite sind nur f\u00fcr den privaten, nicht kommerziellen Gebrauch gestattet.<\/p><p>Soweit die Inhalte auf dieser Seite nicht vom Betreiber erstellt wurden, werden die Urheberrechte Dritter beachtet. Insbesondere werden Inhalte Dritter als solche gekennzeichnet. Sollten Sie trotzdem auf eine Urheberrechtsverletzung aufmerksam werden, bitten wir um einen entsprechenden Hinweis. Bei Bekanntwerden von Rechtsverletzungen werden wir derartige Inhalte umgehend entfernen.<\/p><p>Quelle Impressum: <a style=\"color: #00000;\" href=\"https:\/\/www.e-recht24.de\/\" target=\"_blank\" rel=\"noopener\">e-recht24.de <\/a><\/p><\/div><\/div>\t\t\t\t\t<\/div>\n\t\t\t\t\t\t<\/div>\n\t\t\t\t<\/div>\n\t\t\t\t\t\t<\/div>\n\t\t\t\t\t<\/div>\n\t\t<\/div>\n\t\t\t\t\t\t\t\t<\/div>\n\t\t\t\t\t<\/div>\n\t\t<\/section>\n\t\t\t\t\t\t<\/div>\n\t\t\t\t\t<\/div>\n\t\t<\/div>\n\t\t\t\t\t\t\t\t<\/div>\n\t\t\t\t\t<\/div>\n\t\t<\/section>\n\t\t\t\t<footer class=\"elementor-section elementor-top-section elementor-element elementor-element-13622307 elementor-section-height-min-height elementor-section-stretched elementor-section-full_width elementor-section-height-default elementor-section-items-middle\" data-id=\"13622307\" data-element_type=\"section\" data-settings=\"{&quot;background_background&quot;:&quot;classic&quot;,&quot;stretch_section&quot;:&quot;section-stretched&quot;}\">\n\t\t\t\t\t\t<div class=\"elementor-container elementor-column-gap-default\">\n\t\t\t\t\t\t\t<div class=\"elementor-row\">\n\t\t\t\t\t<div class=\"elementor-column elementor-col-33 elementor-top-column elementor-element elementor-element-50065aca\" data-id=\"50065aca\" data-element_type=\"column\">\n\t\t\t<div class=\"elementor-column-wrap elementor-element-populated\">\n\t\t\t\t\t\t\t<div class=\"elementor-widget-wrap\">\n\t\t\t\t\t\t<div class=\"elementor-element elementor-element-4d695d0c elementor-mobile-align-center elementor-widget elementor-widget-button\" data-id=\"4d695d0c\" data-element_type=\"widget\" data-widget_type=\"button.default\">\n\t\t\t\t<div class=\"elementor-widget-container\">\n\t\t\t\t\t<div class=\"elementor-button-wrapper\">\n\t\t\t<a href=\"http:\/\/testumgebung.financenow.de\/datenschutz\" class=\"elementor-button-link elementor-button elementor-size-sm\" role=\"button\">\n\t\t\t\t\t\t<span class=\"elementor-button-content-wrapper\">\n\t\t\t\t\t\t<span class=\"elementor-button-text\">Datenschutz<\/span>\n\t\t<\/span>\n\t\t\t\t\t<\/a>\n\t\t<\/div>\n\t\t\t\t<\/div>\n\t\t\t\t<\/div>\n\t\t\t\t\t\t<\/div>\n\t\t\t\t\t<\/div>\n\t\t<\/div>\n\t\t\t\t<div class=\"elementor-column elementor-col-33 elementor-top-column elementor-element elementor-element-6537d34\" data-id=\"6537d34\" data-element_type=\"column\">\n\t\t\t<div class=\"elementor-column-wrap\">\n\t\t\t\t\t\t\t<div class=\"elementor-widget-wrap\">\n\t\t\t\t\t\t\t\t<\/div>\n\t\t\t\t\t<\/div>\n\t\t<\/div>\n\t\t\t\t<div class=\"elementor-column elementor-col-33 elementor-top-column elementor-element elementor-element-59392e3d\" data-id=\"59392e3d\" data-element_type=\"column\">\n\t\t\t<div class=\"elementor-column-wrap elementor-element-populated\">\n\t\t\t\t\t\t\t<div class=\"elementor-widget-wrap\">\n\t\t\t\t\t\t<div class=\"elementor-element elementor-element-5c8a5237 elementor-widget elementor-widget-heading\" data-id=\"5c8a5237\" data-element_type=\"widget\" data-widget_type=\"heading.default\">\n\t\t\t\t<div class=\"elementor-widget-container\">\n\t\t\t<h4 class=\"elementor-heading-title elementor-size-default\"><p><span class=\"st\">\u00a9<\/span> 2021 financenow - Carolin Wiemers<\/p><\/h4>\t\t<\/div>\n\t\t\t\t<\/div>\n\t\t\t\t\t\t<\/div>\n\t\t\t\t\t<\/div>\n\t\t<\/div>\n\t\t\t\t\t\t\t\t<\/div>\n\t\t\t\t\t<\/div>\n\t\t<\/footer>\n\t\t\t\t\t\t\t\t\t<\/div>\n\t\t\t<\/div>\n\t\t\t\t\t<\/div>\n\t\t","protected":false},"excerpt":{"rendered":"<p>Impressum Impressum Angaben gem\u00e4\u00df \u00a7 5 TMG: financenowunabh\u00e4ngige Vermittlung von Immobilienfinanzierungen Vertreten durch: Carolin WiemersKaiserswerther Stra\u00dfe 21540477 D\u00fcsseldorf und:M\u00fchlenstra\u00dfe 2341460 Neuss Vermittlernummer: D-W-137-E2KV-51 Kontakt: Telefon: +49 176 329 44 838 E-Mail: info@financenow.de Registereintrag: Eintragung im HandelsregisterRegisterbeh\u00f6rde: IHK Mittlerer Niederrhein, Krefeld Erlaubnisbeh\u00f6rde: IHK Mittlerer Niederrhein, M\u00f6nchengladbach Verantwortlich f\u00fcr den Inhalt nach \u00a7 55 Abs. 2 RStV: [&hellip;]<\/p>\n","protected":false},"author":1,"featured_media":0,"parent":0,"menu_order":0,"comment_status":"closed","ping_status":"closed","template":"","meta":[],"aioseo_notices":[],"_links":{"self":[{"href":"https:\/\/financenow.de\/de\/wp-json\/wp\/v2\/pages\/347"}],"collection":[{"href":"https:\/\/financenow.de\/de\/wp-json\/wp\/v2\/pages"}],"about":[{"href":"https:\/\/financenow.de\/de\/wp-json\/wp\/v2\/types\/page"}],"author":[{"embeddable":true,"href":"https:\/\/financenow.de\/de\/wp-json\/wp\/v2\/users\/1"}],"replies":[{"embeddable":true,"href":"https:\/\/financenow.de\/de\/wp-json\/wp\/v2\/comments?post=347"}],"version-history":[{"count":105,"href":"https:\/\/financenow.de\/de\/wp-json\/wp\/v2\/pages\/347\/revisions"}],"predecessor-version":[{"id":1375,"href":"https:\/\/financenow.de\/de\/wp-json\/wp\/v2\/pages\/347\/revisions\/1375"}],"wp:attachment":[{"href":"https:\/\/financenow.de\/de\/wp-json\/wp\/v2\/media?parent=347"}],"curies":[{"name":"wp","href":"https:\/\/api.w.org\/{rel}","templated":true}]}}